{"id":10,"date":"2015-10-19T11:47:24","date_gmt":"2015-10-19T10:47:24","guid":{"rendered":"http:\/\/vandiepenbeeck.info\/?page_id=10"},"modified":"2015-11-25T20:24:23","modified_gmt":"2015-11-25T18:24:23","slug":"climatologie","status":"publish","type":"page","link":"http:\/\/vandiepenbeeck.info\/index.php\/page-d-exemple\/climatologie\/","title":{"rendered":"Climatologie"},"content":{"rendered":"<p><span style=\"color: #0000ff; font-size: 18pt;\"><a style=\"color: #0000ff;\" href=\"http:\/\/www.meteo.be\/meteo\/view\/fr\/6042923-Climat+actuel+en+Belgique.html\" target=\"_blank\">Climat actuel en Belgique (Site IRM)<\/a><\/span><br \/>\n<span style=\"color: #0000ff; font-size: 18pt;\"> <a style=\"color: #0000ff;\" href=\"http:\/\/climate.be\/\" target=\"_blank\">Centre de recherche de la Terre et du Climat (UCL)<\/a><\/span><br \/>\n<span style=\"font-size: 18pt; color: #3366ff;\"><a style=\"color: #3366ff;\" href=\"http:\/\/www.meteo.be\/meteo\/view\/fr\/1078912-Evenements+marquants+depuis+1901.html\" target=\"_blank\">Les \u00e9v\u00e8nements m\u00e9t\u00e9orologiques marquants depuis le d\u00e9but du 20\u00e8me si\u00e8cle<\/a><\/span><br \/>\n<span class=\"st\" style=\"font-size: 18pt; color: #3366ff;\"><a style=\"color: #3366ff;\" href=\"http:\/\/www.climato.be\/aic\/\" target=\"_blank\">L&rsquo;Association Internationale de Climatologie<\/a> <\/span><br \/>\n<span style=\"font-size: 18pt; color: #3366ff;\"><a style=\"color: #3366ff;\" href=\"http:\/\/ingrid.ldeo.columbia.edu\/\" target=\"_blank\">IRI\/LDEO Climate Data Library<\/a><\/span><br \/>\n<span style=\"color: #3366ff; font-size: 18pt;\"><a style=\"color: #3366ff;\" href=\"http:\/\/www.euronet.nl\/users\/e_wesker\/climate.html\" target=\"_blank\">A brief review on climate change<\/a><\/span><br \/>\n<span style=\"font-size: 18pt; color: #3366ff;\"><a style=\"color: #3366ff;\" href=\"http:\/\/lwf.ncdc.noaa.gov\/oa\/climate\/climatedata.html\" target=\"_blank\">NCDC: Get\/View OnLine Climate Data<\/a><\/span><br \/>\n<span style=\"font-size: 18pt; color: #3366ff;\"><a style=\"color: #3366ff;\" href=\"http:\/\/www.eumetsat.de\/en\/\" target=\"_blank\">EUMETSAT Index<\/a><\/span><br \/>\n<span style=\"color: #3366ff; font-size: 18pt;\"><a style=\"color: #3366ff;\" href=\"http:\/\/www.eumetnet.eu\/\" target=\"_blank\">EUMETNET website<\/a><\/span><br \/>\n<span style=\"color: #3366ff; font-size: 18pt;\"><a href=\"http:\/\/www.wmo.int\/pages\/prog\/wcp\/ccl\/index_en.php\" target=\"_blank\"><span style=\"color: #3366ff;\">CCl<\/span> (<\/a><\/span><span style=\"font-size: 18pt;\">Commission for Climatology)<\/span><br \/>\n<span style=\"color: #3366ff; font-size: 18pt;\"><a style=\"color: #3366ff;\" href=\"http:\/\/www.atm.ch.cam.ac.uk\/tour\/tour_fr\/index.html\" target=\"_blank\">\u00c0 la d\u00e9couverte du trou d&rsquo;ozone<\/a><\/span><br \/>\n<span style=\"font-size: 18pt; color: #3366ff;\"><a style=\"color: #3366ff;\" href=\"http:\/\/www.ulb.ac.be\/ceese\/meta\/cdsfr.html\" target=\"_blank\">Meilleurs r\u00e9pertoires de l&rsquo;environnement<\/a><\/span><br \/>\n<span style=\"color: #3366ff; font-size: 18pt;\"><a style=\"color: #3366ff;\" href=\"http:\/\/www.fao.org\/docrep\/W5183F\/w5183f03.htm\" target=\"_blank\">Chapitre 1. L&rsquo;\u00e9nigme: Changement de climat &#8211; agriculture<\/a><\/span><br \/>\n<span style=\"font-size: 18pt; color: #3366ff;\"><a style=\"color: #3366ff;\" href=\"http:\/\/www.ec.gc.ca\/ccmac-cccma\/default.asp?lang=Fr\" target=\"_blank\">Centre Canadien de la Modelisation et de l&rsquo;Analyse Climatique<\/a><\/span><br \/>\n<span style=\"font-size: 18pt; color: #3366ff;\"><a style=\"color: #3366ff;\" href=\"http:\/\/www.ipcc.ch\/\" target=\"_blank\">United Nations Environment Programme<\/a><\/span><br \/>\n<span style=\"color: #3366ff;\"><a style=\"color: #3366ff;\" href=\"http:\/\/www.worldcat.org\/title\/climate-system-monitoring-csm-monthly-bulletin\/oclc\/12643615\" target=\"_blank\"><span style=\"font-size: 18pt;\">Climate System Monitoring (CSM) Monthly Bulletin<\/span><\/a><\/span><br \/>\n<span style=\"font-size: 18pt; color: #3366ff;\"><a style=\"color: #3366ff;\" href=\"http:\/\/www.risquesmajeurs.fr\/le-risque-inondation\" target=\"_blank\">Le risque inondation<\/a><\/span><br \/>\n<span style=\"font-size: 18pt; font-family: arial,helvetica,sans-serif; color: #3366ff;\"><a style=\"color: #3366ff;\" href=\"http:\/\/ggweather.com\/enso\/oni.htm\" target=\"_blank\"><span class=\"style42\"><span class=\"style15\">El Ni\u00f1o and La Ni\u00f1a Years and Intensities<\/span><\/span><\/a><\/span><\/p>\n<p>Le syst\u00e8me climatique :<\/p>\n<p><a href=\"http:\/\/vandiepenbeeck.info\/wp-content\/uploads\/2015\/10\/climat_fonctionnement_earthsystem1.jpg\"><img loading=\"lazy\" decoding=\"async\" class=\"alignnone size-medium wp-image-39\" src=\"http:\/\/vandiepenbeeck.info\/wp-content\/uploads\/2015\/10\/climat_fonctionnement_earthsystem1-300x204.jpg\" alt=\"climat_fonctionnement_earthsystem\" width=\"300\" height=\"204\" srcset=\"http:\/\/vandiepenbeeck.info\/wp-content\/uploads\/2015\/10\/climat_fonctionnement_earthsystem1-300x204.jpg 300w, http:\/\/vandiepenbeeck.info\/wp-content\/uploads\/2015\/10\/climat_fonctionnement_earthsystem1-1024x697.jpg 1024w, http:\/\/vandiepenbeeck.info\/wp-content\/uploads\/2015\/10\/climat_fonctionnement_earthsystem1.jpg 1236w\" sizes=\"auto, (max-width: 300px) 100vw, 300px\" \/><\/a><\/p>\n","protected":false},"excerpt":{"rendered":"<p>Climat actuel en Belgique (Site IRM) Centre de recherche de la Terre et du Climat (UCL) Les \u00e9v\u00e8nements m\u00e9t\u00e9orologiques marquants depuis le d\u00e9but du 20\u00e8me si\u00e8cle L&rsquo;Association Internationale de Climatologie IRI\/LDEO Climate Data Library A brief review on climate change NCDC: Get\/View OnLine Climate Data EUMETSAT Index EUMETNET website CCl (Commission for Climatology) \u00c0 la [&hellip;]<\/p>\n","protected":false},"author":1,"featured_media":0,"parent":2,"menu_order":0,"comment_status":"closed","ping_status":"closed","template":"","meta":{"_uag_custom_page_level_css":"","footnotes":""},"class_list":["post-10","page","type-page","status-publish","hentry"],"uagb_featured_image_src":{"full":false,"thumbnail":false,"medium":false,"medium_large":false,"large":false,"1536x1536":false,"2048x2048":false},"uagb_author_info":{"display_name":"mvdpb","author_link":"http:\/\/vandiepenbeeck.info\/index.php\/author\/mvdpb\/"},"uagb_comment_info":0,"uagb_excerpt":"Climat actuel en Belgique (Site IRM) Centre de recherche de la Terre et du Climat (UCL) Les \u00e9v\u00e8nements m\u00e9t\u00e9orologiques marquants depuis le d\u00e9but du 20\u00e8me si\u00e8cle L&rsquo;Association Internationale de Climatologie IRI\/LDEO Climate Data Library A brief review on climate change NCDC: Get\/View OnLine Climate Data EUMETSAT Index EUMETNET website CCl (Commission for Climatology) \u00c0 la\u2026","jetpack_sharing_enabled":true,"_links":{"self":[{"href":"http:\/\/vandiepenbeeck.info\/index.php\/wp-json\/wp\/v2\/pages\/10","targetHints":{"allow":["GET"]}}],"collection":[{"href":"http:\/\/vandiepenbeeck.info\/index.php\/wp-json\/wp\/v2\/pages"}],"about":[{"href":"http:\/\/vandiepenbeeck.info\/index.php\/wp-json\/wp\/v2\/types\/page"}],"author":[{"embeddable":true,"href":"http:\/\/vandiepenbeeck.info\/index.php\/wp-json\/wp\/v2\/users\/1"}],"replies":[{"embeddable":true,"href":"http:\/\/vandiepenbeeck.info\/index.php\/wp-json\/wp\/v2\/comments?post=10"}],"version-history":[{"count":24,"href":"http:\/\/vandiepenbeeck.info\/index.php\/wp-json\/wp\/v2\/pages\/10\/revisions"}],"predecessor-version":[{"id":235,"href":"http:\/\/vandiepenbeeck.info\/index.php\/wp-json\/wp\/v2\/pages\/10\/revisions\/235"}],"up":[{"embeddable":true,"href":"http:\/\/vandiepenbeeck.info\/index.php\/wp-json\/wp\/v2\/pages\/2"}],"wp:attachment":[{"href":"http:\/\/vandiepenbeeck.info\/index.php\/wp-json\/wp\/v2\/media?parent=10"}],"curies":[{"name":"wp","href":"https:\/\/api.w.org\/{rel}","templated":true}]}}