{"id":2,"date":"2015-10-19T11:21:17","date_gmt":"2015-10-19T10:21:17","guid":{"rendered":"http:\/\/vandiepenbeeck.info\/?page_id=2"},"modified":"2025-02-04T15:38:46","modified_gmt":"2025-02-04T13:38:46","slug":"page-d-exemple","status":"publish","type":"page","link":"http:\/\/vandiepenbeeck.info\/","title":{"rendered":"M\u00e9t\u00e9orologie"},"content":{"rendered":"<p><span style=\"color: #000000; font-size: 18pt;\">Le site est organis\u00e9 par th\u00e8mes : pr\u00e9vision, m\u00e9t\u00e9o,\u00a0 &#8230;<\/span><\/p>\n<p><span style=\"color: #000000; font-size: 18pt;\">En cliquant sur rubriques un liste se d\u00e9roule et choisisez celle qui vous int\u00e9resse.<\/span><\/p>\n<p><iframe loading=\"lazy\" src=\"https:\/\/meteo-be.net\/widget\/v1\/chastre?l=fr&amp;f=temperature;day:max:temperature_max;day:min:temperature_min;humidity;irradiation;pressure;day:sum:rain_amount&amp;s=background:GreenYellow;text:blue;iconColor:red;font:sans-serif&amp;t=141m\" width=\"200\" height=\"350\" frameborder=\"0\"><\/iframe><\/p>\n\n","protected":false},"excerpt":{"rendered":"<p>Le site est organis\u00e9 par th\u00e8mes : pr\u00e9vision, m\u00e9t\u00e9o,\u00a0 &#8230; En cliquant sur rubriques un liste se d\u00e9roule et choisisez celle qui vous int\u00e9resse.<\/p>\n","protected":false},"author":1,"featured_media":0,"parent":0,"menu_order":1,"comment_status":"closed","ping_status":"open","template":"","meta":{"_uag_custom_page_level_css":"","footnotes":""},"class_list":["post-2","page","type-page","status-publish","hentry"],"uagb_featured_image_src":{"full":false,"thumbnail":false,"medium":false,"medium_large":false,"large":false,"1536x1536":false,"2048x2048":false},"uagb_author_info":{"display_name":"mvdpb","author_link":"http:\/\/vandiepenbeeck.info\/index.php\/author\/mvdpb\/"},"uagb_comment_info":0,"uagb_excerpt":"Le site est organis\u00e9 par th\u00e8mes : pr\u00e9vision, m\u00e9t\u00e9o,\u00a0 &#8230; En cliquant sur rubriques un liste se d\u00e9roule et choisisez celle qui vous int\u00e9resse.","jetpack_sharing_enabled":true,"_links":{"self":[{"href":"http:\/\/vandiepenbeeck.info\/index.php\/wp-json\/wp\/v2\/pages\/2","targetHints":{"allow":["GET"]}}],"collection":[{"href":"http:\/\/vandiepenbeeck.info\/index.php\/wp-json\/wp\/v2\/pages"}],"about":[{"href":"http:\/\/vandiepenbeeck.info\/index.php\/wp-json\/wp\/v2\/types\/page"}],"author":[{"embeddable":true,"href":"http:\/\/vandiepenbeeck.info\/index.php\/wp-json\/wp\/v2\/users\/1"}],"replies":[{"embeddable":true,"href":"http:\/\/vandiepenbeeck.info\/index.php\/wp-json\/wp\/v2\/comments?post=2"}],"version-history":[{"count":20,"href":"http:\/\/vandiepenbeeck.info\/index.php\/wp-json\/wp\/v2\/pages\/2\/revisions"}],"predecessor-version":[{"id":656,"href":"http:\/\/vandiepenbeeck.info\/index.php\/wp-json\/wp\/v2\/pages\/2\/revisions\/656"}],"wp:attachment":[{"href":"http:\/\/vandiepenbeeck.info\/index.php\/wp-json\/wp\/v2\/media?parent=2"}],"curies":[{"name":"wp","href":"https:\/\/api.w.org\/{rel}","templated":true}]}}