{"id":26,"date":"2015-10-19T13:27:54","date_gmt":"2015-10-19T12:27:54","guid":{"rendered":"http:\/\/vandiepenbeeck.info\/?page_id=26"},"modified":"2019-12-29T10:56:47","modified_gmt":"2019-12-29T08:56:47","slug":"meteo-general","status":"publish","type":"page","link":"http:\/\/vandiepenbeeck.info\/index.php\/page-d-exemple\/meteo-general\/","title":{"rendered":"M\u00e9t\u00e9o g\u00e9n\u00e9ral"},"content":{"rendered":"<table style=\"height: 148px;\" width=\"722\">\n<tbody>\n<tr>\n<td style=\"text-align: center;\"><span style=\"color: #0000ff; font-size: 14pt;\"><a style=\"color: #0000ff;\" href=\"http:\/\/www.vandiepenbeeck.info\/Chastre.php\" target=\"_blank\" rel=\"noopener noreferrer\">Station m\u00e9t\u00e9o de Chastre<\/a><\/span><\/td>\n<td style=\"text-align: center;\"><a href=\"http:\/\/www.vandiepenbeeck.info\/CHS_SEM.php\" target=\"_blank\" rel=\"noopener noreferrer\"><span style=\"color: #0000ff; font-size: 14pt;\"> M\u00e9t\u00e9o de Chastre par semaine<\/span><\/a><\/td>\n<\/tr>\n<tr>\n<td style=\"text-align: center;\"><span style=\"font-size: 14pt;\"><span style=\"color: #0000ff;\"><a style=\"color: #0000ff;\" href=\"http:\/\/vandiepenbeeck.info\/wp-content\/uploads\/2015\/10\/luc231.jpg\"><img loading=\"lazy\" decoding=\"async\" src=\"http:\/\/vandiepenbeeck.info\/wp-content\/uploads\/2015\/10\/luc231-300x201.jpg\" alt=\"luc231\" width=\"83\" height=\"56\" \/><\/a><\/span><span style=\"color: #0000ff;\"><a style=\"color: #0000ff;\" href=\"http:\/\/www.lucmeteo.info\/luc\" target=\"_blank\" rel=\"noopener noreferrer\">Luc M\u00e9t\u00e9o<\/a><\/span><\/span><\/td>\n<td style=\"text-align: center;\"><span style=\"color: #0000ff; font-size: 14pt;\"><a style=\"color: #0000ff;\" href=\"http:\/\/www.meteobelgique.be\/observations\/temps-reel\/carte\/actuelles.html\" target=\"_blank\" rel=\"noopener noreferrer\">Temp\u00e9rature actuelles en Belgique<\/a><\/span><\/td>\n<\/tr>\n<tr>\n<td>\u00a0<span style=\"color: #0000ff; font-size: 14pt;\"> <a style=\"color: #0000ff;\" href=\"http:\/\/lameteo.blogs.lalibre.be\/\" target=\"_blank\" rel=\"noopener noreferrer\">Le blog lam\u00e9t\u00e9o (de La Libre)<\/a><\/span><\/td>\n<td>\u00a0<span style=\"font-size: 14pt;\"><a href=\"http:\/\/www.timetemperature.com\/weather_calculator.html\" target=\"_blank\" rel=\"noopener noreferrer\">weather calculator<\/a><\/span><\/td>\n<\/tr>\n<tr>\n<td><span style=\"color: #3366ff; font-size: 14pt;\"><a href=\"http:\/\/www.wetterzentrale.de\/topkarten\/\" target=\"_blank\" rel=\"noopener noreferrer\">Top Karten<\/a><\/span><\/td>\n<td>\u00a0<span style=\"color: #0000ff; font-size: 14pt;\"><a style=\"color: #0000ff;\" href=\"http:\/\/www.meteociel.fr\/\" target=\"_blank\" rel=\"noopener noreferrer\">M\u00e9t\u00e9ociel<\/a><\/span><\/td>\n<\/tr>\n<\/tbody>\n<\/table>\n<p style=\"text-align: center;\"><span style=\"font-size: 14pt; color: #993300;\">Organisations internationales (<a href=\"http:\/\/www.meteo.be\/meteo\/view\/fr\/67008-Liens.html#cat_70824\" target=\"_blank\" rel=\"noopener noreferrer\">source IRM<\/a>)<\/span><\/p>\n<table style=\"height: 260px;\" width=\"721\">\n<tbody>\n<tr>\n<td>\n<div class=\"l\"><img decoding=\"async\" src=\"http:\/\/www.meteo.be\/meteo\/download\/fr\/519643\/logo\/photo-140109-image.png\" alt=\"Ecomet\" \/><\/div>\n<\/td>\n<td>\n<h4><a href=\"http:\/\/www.ecomet.eu\" target=\"_blank\" rel=\"noopener noreferrer\">Ecomet<\/a><\/h4>\n<\/td>\n<\/tr>\n<tr>\n<td>\n<div class=\"l\"><img decoding=\"async\" src=\"http:\/\/www.meteo.be\/meteo\/download\/fr\/521062\/logo\/photo-140213-image.gif\" alt=\"The World Meteorological Organization (WMO)\" \/><\/div>\n<\/td>\n<td>\n<h4><a href=\"http:\/\/www.wmo.int\/pages\/index_en.html\" target=\"_blank\" rel=\"noopener noreferrer\">The World Meteorological Organization (WMO)<\/a><\/h4>\n<\/td>\n<\/tr>\n<tr>\n<td>\n<div class=\"l\">\n<p><img decoding=\"async\" src=\"http:\/\/www.meteo.be\/meteo\/download\/fr\/521077\/logo\/scaletomax-105-105\/logonemn.jpg\" alt=\"Eumetnet\" \/><\/p>\n<div class=\"l\"><img decoding=\"async\" src=\"http:\/\/www.meteo.be\/meteo\/download\/fr\/521091\/logo\/scaletomax-105-105\/photo-140105-image.gif\" alt=\"Europe's Meteorological Satellite Organisation\" \/><\/div>\n<\/div>\n<\/td>\n<td>\n<h4><a href=\"http:\/\/www.eumetnet.eu\/\" target=\"_blank\" rel=\"noopener noreferrer\">Eumetnet<\/a><\/h4>\n<h4><a href=\"http:\/\/www.eumetsat.int\/Home\/index.htm\" target=\"_blank\" rel=\"noopener noreferrer\">Europe&rsquo;s Meteorological Satellite Organisation<\/a><\/h4>\n<\/td>\n<\/tr>\n<tr>\n<td>\n<div class=\"l\"><img decoding=\"async\" src=\"http:\/\/www.meteo.be\/meteo\/download\/fr\/521101\/logo\/photo-140251-image.gif\" alt=\"The European Centre for Medium-Range Weather Forecasts (ECMWF)\" \/><\/div>\n<\/td>\n<td>\n<h4><a href=\"http:\/\/www.ecmwf.int\/\" target=\"_blank\" rel=\"noopener noreferrer\">The European Centre for Medium-Range Weather Forecasts (ECMWF)<\/a><\/h4>\n<\/td>\n<\/tr>\n<tr>\n<td>\n<div class=\"l\"><img decoding=\"async\" src=\"http:\/\/www.meteo.be\/meteo\/download\/fr\/521115\/logo\/photo-140271-image.gif\" alt=\"European Meteorological Society\" \/><\/div>\n<\/td>\n<td>\n<h4><a href=\"http:\/\/www.emetsoc.org\/\" target=\"_blank\" rel=\"noopener noreferrer\">European Meteorological Society<\/a><\/h4>\n<\/td>\n<\/tr>\n<tr>\n<td>\n<div class=\"l\"><img decoding=\"async\" src=\"http:\/\/www.meteo.be\/meteo\/download\/fr\/521129\/logo\/scaletomax-105-105\/photo-140124-image.jpg\" alt=\"Intergovernmental Panel on Climate Change\" \/><\/div>\n<\/td>\n<td>\n<h4><a href=\"http:\/\/www.ipcc.ch\/\" target=\"_blank\" rel=\"noopener noreferrer\">Intergovernmental Panel on Climate Change<\/a><\/h4>\n<\/td>\n<\/tr>\n<tr>\n<td>\n<div class=\"l\"><img decoding=\"async\" src=\"http:\/\/www.meteo.be\/meteo\/download\/fr\/521135\/logo\/photo-140241-image.jpg\" alt=\"The Russian Geostationary Operational Meteorological Satellite (GOMS)\" \/><\/div>\n<\/td>\n<td>\n<h4><a href=\"http:\/\/smis.iki.rssi.ru\/\" target=\"_blank\" rel=\"noopener noreferrer\">The Russian Geostationary Operational Meteorological Satellite (GOMS)<\/a><\/h4>\n<\/td>\n<\/tr>\n<tr>\n<td>\n<div class=\"l\"><img decoding=\"async\" src=\"http:\/\/www.meteo.be\/meteo\/download\/fr\/521149\/logo\/scaletomax-105-105\/photo-140111-image.gif\" alt=\"Meteoalarm\" \/><\/div>\n<\/td>\n<td>\n<h4><a href=\"http:\/\/www.meteoalarm.eu\/\" target=\"_blank\" rel=\"noopener noreferrer\">Meteoalarm<\/a><\/h4>\n<\/td>\n<\/tr>\n<tr>\n<td>\n<div class=\"l\"><img decoding=\"async\" src=\"http:\/\/www.meteo.be\/meteo\/download\/fr\/521155\/logo\/scaletomax-105-105\/photo-140207-image.gif\" alt=\"European Space Agency (ESA)\" \/><\/div>\n<\/td>\n<td>\n<h4><a href=\"http:\/\/www.esa.int\/esaCP\/index.html\" target=\"_blank\" rel=\"noopener noreferrer\">European Space Agency (ESA)<\/a><\/h4>\n<\/td>\n<\/tr>\n<tr>\n<td>\n<div class=\"l\"><img decoding=\"async\" src=\"http:\/\/www.meteo.be\/meteo\/download\/fr\/521161\/logo\/photo-140225-image.gif\" alt=\"US National Oceanic and Atmospheric Administration (NOAA)\" \/><\/div>\n<\/td>\n<td>\n<h4><a href=\"http:\/\/www.noaa.gov\/\" target=\"_blank\" rel=\"noopener noreferrer\">US National Oceanic and Atmospheric Administration (NOAA)<\/a><\/h4>\n<\/td>\n<\/tr>\n<tr>\n<td>\n<div class=\"l\"><img decoding=\"async\" src=\"http:\/\/www.meteo.be\/meteo\/download\/fr\/1622425\/logo\/scaletomax-105-105\/lamp.gif\" alt=\"ALADIN Numerical Weather Prediction Project\" \/><\/div>\n<\/td>\n<td>\n<h4><a href=\"http:\/\/www.cnrm.meteo.fr\/aladin\/\" target=\"_blank\" rel=\"noopener noreferrer\">ALADIN Numerical Weather Prediction Project<\/a><\/h4>\n<\/td>\n<\/tr>\n<\/tbody>\n<\/table>\n<div class=\"rij clearfix\"><\/div>\n<div class=\"rij clearfix\"><\/div>\n","protected":false},"excerpt":{"rendered":"<p>Station m\u00e9t\u00e9o de Chastre M\u00e9t\u00e9o de Chastre par semaine Luc M\u00e9t\u00e9o Temp\u00e9rature actuelles en Belgique \u00a0 Le blog lam\u00e9t\u00e9o (de La Libre) \u00a0weather calculator Top Karten \u00a0M\u00e9t\u00e9ociel Organisations internationales (source IRM) Ecomet The World Meteorological Organization (WMO) Eumetnet Europe&rsquo;s Meteorological Satellite Organisation The European Centre for Medium-Range Weather Forecasts (ECMWF) European Meteorological Society Intergovernmental Panel [&hellip;]<\/p>\n","protected":false},"author":1,"featured_media":0,"parent":2,"menu_order":0,"comment_status":"closed","ping_status":"closed","template":"","meta":{"_uag_custom_page_level_css":"","footnotes":""},"class_list":["post-26","page","type-page","status-publish","hentry"],"uagb_featured_image_src":{"full":false,"thumbnail":false,"medium":false,"medium_large":false,"large":false,"1536x1536":false,"2048x2048":false},"uagb_author_info":{"display_name":"mvdpb","author_link":"http:\/\/vandiepenbeeck.info\/index.php\/author\/mvdpb\/"},"uagb_comment_info":0,"uagb_excerpt":"Station m\u00e9t\u00e9o de Chastre M\u00e9t\u00e9o de Chastre par semaine Luc M\u00e9t\u00e9o Temp\u00e9rature actuelles en Belgique \u00a0 Le blog lam\u00e9t\u00e9o (de La Libre) \u00a0weather calculator Top Karten \u00a0M\u00e9t\u00e9ociel Organisations internationales (source IRM) Ecomet The World Meteorological Organization (WMO) Eumetnet Europe&rsquo;s Meteorological Satellite Organisation The European Centre for Medium-Range Weather Forecasts (ECMWF) European Meteorological Society Intergovernmental Panel\u2026","jetpack_sharing_enabled":true,"_links":{"self":[{"href":"http:\/\/vandiepenbeeck.info\/index.php\/wp-json\/wp\/v2\/pages\/26","targetHints":{"allow":["GET"]}}],"collection":[{"href":"http:\/\/vandiepenbeeck.info\/index.php\/wp-json\/wp\/v2\/pages"}],"about":[{"href":"http:\/\/vandiepenbeeck.info\/index.php\/wp-json\/wp\/v2\/types\/page"}],"author":[{"embeddable":true,"href":"http:\/\/vandiepenbeeck.info\/index.php\/wp-json\/wp\/v2\/users\/1"}],"replies":[{"embeddable":true,"href":"http:\/\/vandiepenbeeck.info\/index.php\/wp-json\/wp\/v2\/comments?post=26"}],"version-history":[{"count":20,"href":"http:\/\/vandiepenbeeck.info\/index.php\/wp-json\/wp\/v2\/pages\/26\/revisions"}],"predecessor-version":[{"id":470,"href":"http:\/\/vandiepenbeeck.info\/index.php\/wp-json\/wp\/v2\/pages\/26\/revisions\/470"}],"up":[{"embeddable":true,"href":"http:\/\/vandiepenbeeck.info\/index.php\/wp-json\/wp\/v2\/pages\/2"}],"wp:attachment":[{"href":"http:\/\/vandiepenbeeck.info\/index.php\/wp-json\/wp\/v2\/media?parent=26"}],"curies":[{"name":"wp","href":"https:\/\/api.w.org\/{rel}","templated":true}]}}