{"id":64,"date":"2015-10-20T10:34:20","date_gmt":"2015-10-20T09:34:20","guid":{"rendered":"http:\/\/vandiepenbeeck.info\/?page_id=64"},"modified":"2015-10-20T13:04:59","modified_gmt":"2015-10-20T12:04:59","slug":"universite","status":"publish","type":"page","link":"http:\/\/vandiepenbeeck.info\/index.php\/divers\/universite\/","title":{"rendered":"Universit\u00e9"},"content":{"rendered":"<table class=\" alignleft\" style=\"height: 88px;\" width=\"660\">\n<tbody>\n<tr>\n<td style=\"text-align: center;\"><span style=\"font-size: 14pt; color: #0000ff;\"><a style=\"color: #0000ff;\" href=\"http:\/\/www.ucl.ac.be\" target=\"_blank\">Universit\u00e9 Catholique de Louvain<\/a><\/span><\/td>\n<td style=\"text-align: center;\"><span style=\"font-size: 14pt; color: #0000ff;\"><a style=\"color: #0000ff;\" href=\"http:\/\/www.ulb.ac.be\" target=\"_blank\">Universit\u00e9 Libre de Bruxelles<\/a><\/span><\/td>\n<td style=\"text-align: center;\"><span style=\"font-size: 14pt; color: #0000ff;\"><a style=\"color: #0000ff;\" href=\"http:\/\/www.ulg.ac.be\" target=\"_blank\">Universit\u00e9 de Li\u00e8ge<\/a><\/span><\/td>\n<\/tr>\n<tr>\n<td style=\"text-align: center;\"><span style=\"font-size: 14pt; color: #0000ff;\"><a style=\"color: #0000ff;\" href=\"http:\/\/portail.umons.ac.be\/FR\/Pages\/default.aspx\" target=\"_blank\">Universit\u00e9 de Mons Hainaut<\/a><\/span><\/td>\n<td style=\"text-align: center;\"><span style=\"font-size: 14pt; color: #0000ff;\"><a style=\"color: #0000ff;\" href=\"http:\/\/www.facsc.ulg.ac.be\/cms\/c_636656\/fr\/accueil\" target=\"_blank\">Fondation Universitaire Luxembourgeoise \u00e0 Arlon<\/a><\/span><\/td>\n<td style=\"text-align: center;\"><span style=\"font-size: 14pt; color: #0000ff;\"><a style=\"color: #0000ff;\" href=\"http:\/\/www.fundp.ac.be\" target=\"_blank\">Facult\u00e9 Universitaire N.D. de la Paix \u00e0 Namur<\/a><\/span><\/td>\n<\/tr>\n<tr>\n<td style=\"text-align: center;\"><span style=\"font-size: 14pt; color: #0000ff;\"><a style=\"color: #0000ff;\" href=\"http:\/\/www.fusl.ac.be\" target=\"_blank\">Facult\u00e9 Universitaire Saint Louis \u00e0 Bruxelles<\/a><\/span><\/td>\n<td style=\"text-align: center;\"><span style=\"font-size: 14pt; color: #0000ff;\"><a style=\"color: #0000ff;\" href=\"http:\/\/www.fsagx.ac.be\" target=\"_blank\">Facult\u00e9 Universitaire des Sciences agronomiques de Gembloux<\/a><\/span><\/td>\n<td style=\"text-align: center;\"><\/td>\n<\/tr>\n<\/tbody>\n<\/table>\n<p style=\"text-align: center;\" align=\"center\"><span style=\"font-size: 14pt; color: #0000ff;\">\u00a0<\/span><\/p>\n","protected":false},"excerpt":{"rendered":"<p>Universit\u00e9 Catholique de Louvain Universit\u00e9 Libre de Bruxelles Universit\u00e9 de Li\u00e8ge Universit\u00e9 de Mons Hainaut Fondation Universitaire Luxembourgeoise \u00e0 Arlon Facult\u00e9 Universitaire N.D. de la Paix \u00e0 Namur Facult\u00e9 Universitaire Saint Louis \u00e0 Bruxelles Facult\u00e9 Universitaire des Sciences agronomiques de Gembloux \u00a0<\/p>\n","protected":false},"author":1,"featured_media":0,"parent":70,"menu_order":0,"comment_status":"closed","ping_status":"closed","template":"","meta":{"_uag_custom_page_level_css":"","footnotes":""},"class_list":["post-64","page","type-page","status-publish","hentry"],"uagb_featured_image_src":{"full":false,"thumbnail":false,"medium":false,"medium_large":false,"large":false,"1536x1536":false,"2048x2048":false},"uagb_author_info":{"display_name":"mvdpb","author_link":"http:\/\/vandiepenbeeck.info\/index.php\/author\/mvdpb\/"},"uagb_comment_info":0,"uagb_excerpt":"Universit\u00e9 Catholique de Louvain Universit\u00e9 Libre de Bruxelles Universit\u00e9 de Li\u00e8ge Universit\u00e9 de Mons Hainaut Fondation Universitaire Luxembourgeoise \u00e0 Arlon Facult\u00e9 Universitaire N.D. de la Paix \u00e0 Namur Facult\u00e9 Universitaire Saint Louis \u00e0 Bruxelles Facult\u00e9 Universitaire des Sciences agronomiques de Gembloux \u00a0","jetpack_sharing_enabled":true,"_links":{"self":[{"href":"http:\/\/vandiepenbeeck.info\/index.php\/wp-json\/wp\/v2\/pages\/64","targetHints":{"allow":["GET"]}}],"collection":[{"href":"http:\/\/vandiepenbeeck.info\/index.php\/wp-json\/wp\/v2\/pages"}],"about":[{"href":"http:\/\/vandiepenbeeck.info\/index.php\/wp-json\/wp\/v2\/types\/page"}],"author":[{"embeddable":true,"href":"http:\/\/vandiepenbeeck.info\/index.php\/wp-json\/wp\/v2\/users\/1"}],"replies":[{"embeddable":true,"href":"http:\/\/vandiepenbeeck.info\/index.php\/wp-json\/wp\/v2\/comments?post=64"}],"version-history":[{"count":7,"href":"http:\/\/vandiepenbeeck.info\/index.php\/wp-json\/wp\/v2\/pages\/64\/revisions"}],"predecessor-version":[{"id":104,"href":"http:\/\/vandiepenbeeck.info\/index.php\/wp-json\/wp\/v2\/pages\/64\/revisions\/104"}],"up":[{"embeddable":true,"href":"http:\/\/vandiepenbeeck.info\/index.php\/wp-json\/wp\/v2\/pages\/70"}],"wp:attachment":[{"href":"http:\/\/vandiepenbeeck.info\/index.php\/wp-json\/wp\/v2\/media?parent=64"}],"curies":[{"name":"wp","href":"https:\/\/api.w.org\/{rel}","templated":true}]}}