{"id":8,"date":"2015-10-19T11:37:29","date_gmt":"2015-10-19T10:37:29","guid":{"rendered":"http:\/\/vandiepenbeeck.info\/?page_id=8"},"modified":"2021-10-13T20:55:14","modified_gmt":"2021-10-13T18:55:14","slug":"previsions","status":"publish","type":"page","link":"http:\/\/vandiepenbeeck.info\/index.php\/page-d-exemple\/previsions\/","title":{"rendered":"Pr\u00e9visions"},"content":{"rendered":"<p style=\"text-align: center;\"><span style=\"font-size: 14pt;\">Services M\u00e9t\u00e9o (<a href=\"http:\/\/www.meteo.be\/meteo\/view\/fr\/67008-Liens.html#cat_70049\" target=\"_blank\" rel=\"noopener\">Source IRM<\/a>)<br \/>\n<\/span><\/p>\n<table style=\"height: 308px;\" width=\"787\">\n<tbody>\n<tr>\n<td style=\"text-align: center;\"><\/td>\n<td style=\"text-align: center;\">\n<h4><span style=\"color: #0000ff; font-size: 14pt;\"><a style=\"color: #0000ff;\" href=\"http:\/\/www.meteo.be\" target=\"_blank\" rel=\"noopener\">M\u00e9t\u00e9o IRM<\/a><\/span><\/h4>\n<\/td>\n<\/tr>\n<tr>\n<td style=\"text-align: center;\">\n<div class=\"l\"><img decoding=\"async\" src=\"http:\/\/www.meteo.be\/meteo\/download\/fr\/521179\/logo\/photo-140286-image.gif\" alt=\"Austria - Zentralanstalt f\u00fcr Meteorologie und Geodynamik (ZAMG)\" \/><\/div>\n<\/td>\n<td style=\"text-align: center;\">\n<h4><span style=\"color: #0000ff; font-size: 14pt;\"><a style=\"color: #0000ff;\" href=\"http:\/\/www.zamg.ac.at\/\" target=\"_blank\" rel=\"noopener\">Austria &#8211; Zentralanstalt f\u00fcr Meteorologie und Geodynamik (ZAMG)<\/a><\/span><\/h4>\n<\/td>\n<\/tr>\n<tr>\n<td style=\"text-align: center;\">\n<div class=\"l\"><img decoding=\"async\" src=\"http:\/\/www.meteo.be\/meteo\/download\/fr\/521645\/logo\/photo-140294-image.png\" alt=\"Republic of Cyprus, Meteorological Service\" \/><\/div>\n<\/td>\n<td style=\"text-align: center;\">\n<h4><span style=\"color: #0000ff; font-size: 14pt;\"><a style=\"color: #0000ff;\" href=\"http:\/\/www.moa.gov.cy\/moa\/ms\/ms.nsf\/DMLindex_en\/DMLindex_en?opendocument\" target=\"_blank\" rel=\"noopener\">Republic of Cyprus, Meteorological Service<\/a><\/span><\/h4>\n<\/td>\n<\/tr>\n<tr>\n<td style=\"text-align: center;\">\n<div class=\"l\"><img decoding=\"async\" src=\"http:\/\/www.meteo.be\/meteo\/download\/fr\/521651\/logo\/photo-140253-image.gif\" alt=\"Czech Hydrometeorological Institute\" \/><\/div>\n<\/td>\n<td style=\"text-align: center;\">\n<h4><span style=\"color: #0000ff; font-size: 14pt;\"><a style=\"color: #0000ff;\" href=\"http:\/\/www.chmi.cz\/\" target=\"_blank\" rel=\"noopener\">Czech Hydrometeorological Institute<\/a><\/span><\/h4>\n<\/td>\n<\/tr>\n<tr>\n<td style=\"text-align: center;\">\n<div class=\"l\"><img decoding=\"async\" src=\"http:\/\/www.meteo.be\/meteo\/download\/fr\/521657\/logo\/photo-140267-image.gif\" alt=\"Denmark - Danmarks Meteorologiske Institut (DMI)\" \/><\/div>\n<\/td>\n<td style=\"text-align: center;\">\n<h4><span style=\"color: #0000ff; font-size: 14pt;\"><a style=\"color: #0000ff;\" href=\"http:\/\/www.dmi.dk\/dmi\/index\/\" target=\"_blank\" rel=\"noopener\">Denmark &#8211; Danmarks Meteorologiske Institut (DMI)<\/a><\/span><\/h4>\n<\/td>\n<\/tr>\n<tr>\n<td style=\"text-align: center;\">\n<div class=\"l\"><img decoding=\"async\" src=\"http:\/\/www.meteo.be\/meteo\/download\/fr\/521671\/logo\/photo-140183-image.png\" alt=\"Estonian Meteorological and Hydrometeorological Institute\" \/><\/div>\n<\/td>\n<td style=\"text-align: center;\">\n<h4><span style=\"color: #0000ff; font-size: 14pt;\"><a style=\"color: #0000ff;\" href=\"http:\/\/www.emhi.ee\/\" target=\"_blank\" rel=\"noopener\">Estonian Meteorological and Hydrometeorological Institute<\/a><\/span><\/h4>\n<\/td>\n<\/tr>\n<tr>\n<td style=\"text-align: center;\">\n<div class=\"l\"><img decoding=\"async\" src=\"http:\/\/www.meteo.be\/meteo\/download\/fr\/521685\/logo\/photo-140292-image.gif\" alt=\"Finland - Ilmatieteen Laitos (FMI)\" \/><\/div>\n<\/td>\n<td style=\"text-align: center;\">\n<div class=\"rij clearfix\"><span style=\"color: #0000ff; font-size: 14pt;\">\u00a0<\/span><\/div>\n<h4><span style=\"color: #0000ff; font-size: 14pt;\"><a style=\"color: #0000ff;\" href=\"http:\/\/www.fmi.fi\/\" target=\"_blank\" rel=\"noopener\">Finland &#8211; Ilmatieteen Laitos (FMI)<\/a><\/span><\/h4>\n<\/td>\n<\/tr>\n<tr>\n<td style=\"text-align: center;\">\n<div class=\"l\"><img decoding=\"async\" src=\"http:\/\/www.meteo.be\/meteo\/download\/fr\/521695\/logo\/photo-140255-image.gif\" alt=\"France - M\u00e9t\u00e9o-France\" \/><\/div>\n<\/td>\n<td style=\"text-align: center;\">\n<h4><a href=\"https:\/\/meteofrance.com\/\" target=\"_blank\" rel=\"noopener\"><span style=\"color: #0000ff; font-size: 14pt;\">France &#8211; M\u00e9t\u00e9o-France<\/span><\/a><\/h4>\n<\/td>\n<\/tr>\n<tr>\n<td style=\"text-align: center;\">\n<div class=\"l\"><img decoding=\"async\" src=\"http:\/\/www.meteo.be\/meteo\/download\/fr\/521701\/logo\/photo-140211-image.gif\" alt=\"Germany - Deutscher Wetterdienst (DWD)\" \/><\/div>\n<\/td>\n<td style=\"text-align: center;\">\n<h4><span style=\"color: #0000ff; font-size: 14pt;\"><a style=\"color: #0000ff;\" href=\"http:\/\/www.dwd.de\/\" target=\"_blank\" rel=\"noopener\">Germany &#8211; Deutscher Wetterdienst (DWD)<\/a><\/span><\/h4>\n<\/td>\n<\/tr>\n<tr>\n<td style=\"text-align: center;\">\n<div class=\"l\"><img loading=\"lazy\" decoding=\"async\" src=\"http:\/\/www.hnms.gr\/hnms\/english\/images\/logo_gif\" alt=\"HNMS\" width=\"265\" height=\"50\" border=\"0\" \/><\/div>\n<\/td>\n<td style=\"text-align: center;\">\n<h4><span style=\"color: #0000ff; font-size: 14pt;\"><a style=\"color: #0000ff;\" href=\"http:\/\/www.hnms.gr\/hnms\/english\/index_html\" target=\"_blank\" rel=\"noopener\">Greece &#8211; Hellenic National Meteorological Service<\/a><\/span><\/h4>\n<\/td>\n<\/tr>\n<tr>\n<td style=\"text-align: center;\">\n<div class=\"l\"><img decoding=\"async\" src=\"http:\/\/www.meteo.be\/meteo\/download\/fr\/521721\/logo\/photo-140139-image.jpg\" alt=\"Hungary - Orsz\u00e1gos Meteorol\u00f3giai Szolg\u00e1lat\" \/><\/div>\n<\/td>\n<td style=\"text-align: center;\">\n<h4><span style=\"color: #0000ff; font-size: 14pt;\"><a style=\"color: #0000ff;\" href=\"http:\/\/www.met.hu\/omsz.php\" target=\"_blank\" rel=\"noopener\">Hungary &#8211; Orsz\u00e1gos Meteorol\u00f3giai Szolg\u00e1lat<\/a><\/span><\/h4>\n<\/td>\n<\/tr>\n<tr>\n<td style=\"text-align: center;\">\n<div class=\"l\"><img decoding=\"async\" src=\"http:\/\/www.meteo.be\/meteo\/download\/fr\/521727\/logo\/scaletomax-105-105\/photo-140133-image.gif\" alt=\"Icelandic Meteorological Office\" \/><\/div>\n<\/td>\n<td style=\"text-align: center;\">\n<h4><span style=\"color: #0000ff; font-size: 14pt;\"><a style=\"color: #0000ff;\" href=\"http:\/\/www.vedur.is\/\" target=\"_blank\" rel=\"noopener\">Icelandic Meteorological Office<\/a><\/span><\/h4>\n<\/td>\n<\/tr>\n<tr>\n<td style=\"text-align: center;\">\n<div class=\"l\"><img decoding=\"async\" src=\"http:\/\/www.meteo.be\/meteo\/download\/fr\/521777\/logo\/photo-140269-image.gif\" alt=\"Ireland - The Irish Meteorological Service\" \/><\/div>\n<\/td>\n<td style=\"text-align: center;\">\n<div class=\"rij clearfix\">\n<div class=\"r\">\n<h4><span style=\"color: #0000ff; font-size: 14pt;\"><a style=\"color: #0000ff;\" href=\"http:\/\/www.met.ie\/\" target=\"_blank\" rel=\"noopener\">Ireland &#8211; The Irish Meteorological Service<\/a><\/span><\/h4>\n<\/div>\n<\/div>\n<\/td>\n<\/tr>\n<tr>\n<td style=\"text-align: center;\">\n<div class=\"l\"><img decoding=\"async\" src=\"http:\/\/www.meteo.be\/meteo\/download\/fr\/521791\/logo\/photo-140263-image.gif\" alt=\"Italy - Ufficio Generale per la Meteorologia dell' Aeronautica Militare\" \/><\/div>\n<\/td>\n<td style=\"text-align: center;\">\n<div class=\"rij clearfix\">\n<div class=\"r\">\n<div class=\"rij clearfix\">\n<div class=\"r\">\n<h4><span style=\"color: #0000ff; font-size: 14pt;\"><a style=\"color: #0000ff;\" href=\"http:\/\/www.meteoam.it\/\" target=\"_blank\" rel=\"noopener\">Italy &#8211; Ufficio Generale per la Meteorologia dell&rsquo; Aeronautica Militare<\/a><\/span><\/h4>\n<\/div>\n<\/div>\n<\/div>\n<\/div>\n<\/td>\n<\/tr>\n<tr>\n<td style=\"text-align: center;\">\n<div class=\"l\"><img decoding=\"async\" src=\"http:\/\/www.meteo.be\/meteo\/download\/fr\/521805\/logo\/scaletomax-105-105\/photo-140185-image.png\" alt=\"Latvia - Meteorological Service of Latvia\" \/><\/div>\n<\/td>\n<td style=\"text-align: center;\">\n<div class=\"rij clearfix\">\n<div class=\"r\">\n<div class=\"rij clearfix\">\n<div class=\"r\">\n<h4><span style=\"color: #0000ff; font-size: 14pt;\"><a style=\"color: #0000ff;\" href=\"http:\/\/www.meteo.lv\/public\/\" target=\"_blank\" rel=\"noopener\">Latvia &#8211; Meteorological Service of Latvia<\/a><\/span><\/h4>\n<\/div>\n<\/div>\n<\/div>\n<\/div>\n<\/td>\n<\/tr>\n<tr>\n<td style=\"text-align: center;\">\n<div class=\"l\"><img decoding=\"async\" src=\"http:\/\/www.meteo.be\/meteo\/download\/fr\/521811\/logo\/photo-140166-image.png\" alt=\"Lithuania - Lithuanian Hydrometeorological Service\" \/><\/div>\n<\/td>\n<td style=\"text-align: center;\">\n<div class=\"rij clearfix\">\n<div class=\"r\">\n<div class=\"rij clearfix\">\n<div class=\"r\">\n<h4><span style=\"color: #0000ff; font-size: 14pt;\"><a style=\"color: #0000ff;\" href=\"http:\/\/www.meteo.lt\/\" target=\"_blank\" rel=\"noopener\">Lithuania &#8211; Lithuanian Hydrometeorological Service<\/a><\/span><\/h4>\n<\/div>\n<\/div>\n<\/div>\n<\/div>\n<\/td>\n<\/tr>\n<tr>\n<td style=\"text-align: center;\">\n<div class=\"l\"><img decoding=\"async\" src=\"http:\/\/www.meteo.be\/meteo\/download\/fr\/18711120\/logo\/scaletomax-105-105\/photo-140296-image.gif\" alt=\"M\u00e9t\u00e9o Grand-Duch\u00e9 du Luxembourg\" \/><\/div>\n<\/td>\n<td style=\"text-align: center;\">\n<div class=\"rij clearfix\">\n<div class=\"r\">\n<div class=\"rij clearfix\">\n<div class=\"r\">\n<div class=\"rij clearfix\">\n<div class=\"r\">\n<h4><span style=\"color: #0000ff; font-size: 14pt;\"><a style=\"color: #0000ff;\" href=\"http:\/\/www.meteolux.lu\" target=\"_blank\" rel=\"noopener\">M\u00e9t\u00e9o Grand-Duch\u00e9 du Luxembourg<\/a><\/span><\/h4>\n<\/div>\n<\/div>\n<\/div>\n<\/div>\n<\/div>\n<\/div>\n<\/td>\n<\/tr>\n<tr>\n<td style=\"text-align: center;\">\n<div class=\"l\"><img decoding=\"async\" src=\"http:\/\/www.meteo.be\/meteo\/download\/fr\/14195887\/logo\/photo-140135-image.gif\" alt=\"Malta weather service\" \/><\/div>\n<\/td>\n<td style=\"text-align: center;\">\n<div class=\"rij clearfix\">\n<div class=\"r\">\n<div class=\"rij clearfix\">\n<div class=\"r\">\n<div class=\"rij clearfix\">\n<div class=\"r\">\n<h4><span style=\"color: #0000ff; font-size: 14pt;\"><a style=\"color: #0000ff;\" href=\"http:\/\/weather.maltairport.com\/\" target=\"_blank\" rel=\"noopener\">Malta weather service<\/a><\/span><\/h4>\n<\/div>\n<\/div>\n<\/div>\n<\/div>\n<\/div>\n<\/div>\n<\/td>\n<\/tr>\n<tr>\n<td style=\"text-align: center;\">\n<div class=\"l\"><img decoding=\"async\" src=\"http:\/\/www.meteo.be\/meteo\/download\/fr\/521858\/logo\/photo-140288-image.gif\" alt=\"The Netherlands - Koninklijk Nederlands Meteorologisch Instituut (KNMI)\" \/><\/div>\n<\/td>\n<td style=\"text-align: center;\">\n<div class=\"rij clearfix\">\n<div class=\"r\">\n<div class=\"rij clearfix\">\n<div class=\"r\">\n<div class=\"rij clearfix\">\n<div class=\"r\">\n<h4><span style=\"color: #0000ff; font-size: 14pt;\"><a style=\"color: #0000ff;\" href=\"http:\/\/www.knmi.nl\/\" target=\"_blank\" rel=\"noopener\">The Netherlands &#8211; Koninklijk Nederlands Meteorologisch Instituut (KNMI)<\/a><\/span><\/h4>\n<\/div>\n<\/div>\n<\/div>\n<\/div>\n<\/div>\n<\/div>\n<\/td>\n<\/tr>\n<tr>\n<td style=\"text-align: center;\">\n<div class=\"l\"><img decoding=\"async\" src=\"http:\/\/www.meteo.be\/meteo\/download\/fr\/14195907\/logo\/photo-140209-image.gif\" alt=\"Norway - Det norske meteorologiske institutt (DNMI)\" \/><\/div>\n<\/td>\n<td style=\"text-align: center;\">\n<div class=\"rij clearfix\">\n<div class=\"r\">\n<div class=\"rij clearfix\">\n<div class=\"r\">\n<div class=\"rij clearfix\">\n<div class=\"r\">\n<div class=\"rij clearfix\">\n<div class=\"r\">\n<h4><span style=\"color: #0000ff; font-size: 14pt;\"><a style=\"color: #0000ff;\" href=\"http:\/\/www.met.no\/\" target=\"_blank\" rel=\"noopener\">Norway &#8211; Det norske meteorologiske institutt (DNMI)<\/a><\/span><\/h4>\n<\/div>\n<\/div>\n<\/div>\n<\/div>\n<\/div>\n<\/div>\n<\/div>\n<\/div>\n<\/td>\n<\/tr>\n<tr>\n<td style=\"text-align: center;\">\n<div class=\"l\"><img decoding=\"async\" src=\"http:\/\/www.meteo.be\/meteo\/download\/fr\/521897\/logo\/photo-140137-image.gif\" alt=\"Poland - Instytutu Meteorologii i Gospodarki Wodnej\" \/><\/div>\n<\/td>\n<td style=\"text-align: center;\">\n<div class=\"rij clearfix\">\n<div class=\"r\">\n<div class=\"rij clearfix\">\n<div class=\"r\">\n<div class=\"rij clearfix\">\n<div class=\"r\">\n<div class=\"rij clearfix\">\n<div class=\"r\">\n<div class=\"rij clearfix\">\n<div class=\"r\">\n<h4><span style=\"color: #0000ff; font-size: 14pt;\"><a style=\"color: #0000ff;\" href=\"http:\/\/www.imgw.pl\/wl\/internet\/zz\/index.html\" target=\"_blank\" rel=\"noopener\">Poland &#8211; Instytutu Meteorologii i Gospodarki Wodnej<\/a><\/span><\/h4>\n<\/div>\n<\/div>\n<\/div>\n<\/div>\n<\/div>\n<\/div>\n<\/div>\n<\/div>\n<\/div>\n<\/div>\n<\/td>\n<\/tr>\n<tr>\n<td style=\"text-align: center;\">\n<div class=\"l\"><img decoding=\"async\" src=\"http:\/\/www.meteo.be\/meteo\/download\/fr\/521915\/logo\/photo-140155-image.gif\" alt=\"Spain - Instituto Nacional de Meteorolog\u00eda (INM)\" \/><\/div>\n<\/td>\n<td style=\"text-align: center;\">\n<h4><span style=\"color: #0000ff; font-size: 14pt;\"><a style=\"color: #0000ff;\" href=\"http:\/\/www.aemet.es\/\" target=\"_blank\" rel=\"noopener\">Spain &#8211; Instituto Nacional de Meteorolog\u00eda (INM)<\/a><\/span><\/h4>\n<\/td>\n<\/tr>\n<tr>\n<td style=\"text-align: center;\">\n<div class=\"l\"><img decoding=\"async\" src=\"http:\/\/www.meteo.be\/meteo\/download\/fr\/521929\/logo\/scaletomax-105-105\/logo_ipma_hp.png\" alt=\"Portugal - Instituto Portugu\u00eas do Mar e da Atmosfera (IPMA)\" \/><\/div>\n<\/td>\n<td style=\"text-align: center;\">\n<h4><span style=\"color: #0000ff; font-size: 14pt;\"><a style=\"color: #0000ff;\" href=\"http:\/\/www.ipma.pt\/\" target=\"_blank\" rel=\"noopener\">Portugal &#8211; Instituto Portugu\u00eas do Mar e da Atmosfera (IPMA)<\/a><\/span><\/h4>\n<\/td>\n<\/tr>\n<tr>\n<td style=\"text-align: center;\">\n<div class=\"l\"><img decoding=\"async\" src=\"http:\/\/www.meteo.be\/meteo\/download\/fr\/521935\/logo\/scaletomax-105-105\/photo-140187-image.gif\" alt=\"Slovakia weather service\" \/><\/div>\n<\/td>\n<td style=\"text-align: center;\">\n<h4><span style=\"color: #0000ff; font-size: 14pt;\"><a style=\"color: #0000ff;\" href=\"http:\/\/www.shmu.sk\/\" target=\"_blank\" rel=\"noopener\">Slovakia weather service<\/a><\/span><\/h4>\n<\/td>\n<\/tr>\n<tr>\n<td style=\"text-align: center;\">\n<div class=\"l\"><img decoding=\"async\" src=\"http:\/\/www.meteo.be\/meteo\/download\/fr\/521942\/logo\/photo-140275-image.png\" alt=\"Slovenian weather service\" \/><\/div>\n<\/td>\n<td style=\"text-align: center;\">\n<h4><span style=\"color: #0000ff; font-size: 14pt;\"><a style=\"color: #0000ff;\" href=\"http:\/\/www.arso.gov.si\/\" target=\"_blank\" rel=\"noopener\">Slovenian weather service<\/a><\/span><\/h4>\n<\/td>\n<\/tr>\n<tr>\n<td style=\"text-align: center;\">\n<div class=\"l\"><img decoding=\"async\" src=\"http:\/\/www.meteo.be\/meteo\/download\/fr\/521956\/logo\/photo-140153-image.gif\" alt=\"Sweden - Sveriges meteorologiska och hydorlogiska institut (SMHI)\" \/><\/div>\n<\/td>\n<td style=\"text-align: center;\">\n<h4><span style=\"color: #0000ff; font-size: 14pt;\"><a style=\"color: #0000ff;\" href=\"http:\/\/www.smhi.se\/\" target=\"_blank\" rel=\"noopener\">Sweden &#8211; Sveriges meteorologiska och hydorlogiska institut (SMHI)<\/a><\/span><\/h4>\n<\/td>\n<\/tr>\n<tr>\n<td style=\"text-align: center;\">\n<div class=\"l\"><img decoding=\"async\" src=\"http:\/\/www.meteo.be\/meteo\/download\/fr\/14195953\/logo\/scaletomax-105-105\/photo-140290-image.gif\" alt=\"The former Yugoslav Republic of Macedonia\" \/><\/div>\n<\/td>\n<td style=\"text-align: center;\">\n<h4><span style=\"color: #0000ff; font-size: 14pt;\"><a style=\"color: #0000ff;\" href=\"http:\/\/www.meteo.gov.mk\/\" target=\"_blank\" rel=\"noopener\">The former Yugoslav Republic of Macedonia<\/a><\/span><\/h4>\n<\/td>\n<\/tr>\n<tr>\n<td style=\"text-align: center;\">\n<div class=\"l\"><img decoding=\"async\" src=\"http:\/\/www.meteo.be\/meteo\/download\/fr\/521962\/logo\/scaletomax-105-105\/photo-140259-image.gif\" alt=\"Switzerland - MeteoSvizzera\" \/><\/div>\n<\/td>\n<td style=\"text-align: center;\">\n<h4><span style=\"color: #0000ff; font-size: 14pt;\"><a style=\"color: #0000ff;\" href=\"http:\/\/www.meteoschweiz.ch\/web\/de\/wetter.html\" target=\"_blank\" rel=\"noopener\">Switzerland &#8211; MeteoSvizzera<\/a><\/span><\/h4>\n<\/td>\n<\/tr>\n<tr>\n<td style=\"text-align: center;\">\n<div class=\"l\"><img decoding=\"async\" src=\"http:\/\/www.meteo.be\/meteo\/download\/fr\/522019\/logo\/photo-140097-image.gif\" alt=\"United Kingdom - The Met.Office\" \/><\/div>\n<\/td>\n<td style=\"text-align: center;\">\n<h4><span style=\"color: #0000ff; font-size: 14pt;\"><a style=\"color: #0000ff;\" href=\"http:\/\/www.metoffice.gov.uk\/\" target=\"_blank\" rel=\"noopener\">United Kingdom &#8211; The Met.Office<\/a><\/span><\/h4>\n<\/td>\n<\/tr>\n<\/tbody>\n<\/table>\n<p align=\"center\"><span style=\"font-size: large;\">\u00a0<\/span><\/p>\n<div align=\"center\"><\/div>\n","protected":false},"excerpt":{"rendered":"<p>Services M\u00e9t\u00e9o (Source IRM) M\u00e9t\u00e9o IRM Austria &#8211; Zentralanstalt f\u00fcr Meteorologie und Geodynamik (ZAMG) Republic of Cyprus, Meteorological Service Czech Hydrometeorological Institute Denmark &#8211; Danmarks Meteorologiske Institut (DMI) Estonian Meteorological and Hydrometeorological Institute \u00a0 Finland &#8211; Ilmatieteen Laitos (FMI) France &#8211; M\u00e9t\u00e9o-France Germany &#8211; Deutscher Wetterdienst (DWD) Greece &#8211; Hellenic National Meteorological Service Hungary &#8211; [&hellip;]<\/p>\n","protected":false},"author":1,"featured_media":0,"parent":2,"menu_order":0,"comment_status":"closed","ping_status":"closed","template":"","meta":{"_uag_custom_page_level_css":"","footnotes":""},"class_list":["post-8","page","type-page","status-publish","hentry"],"uagb_featured_image_src":{"full":false,"thumbnail":false,"medium":false,"medium_large":false,"large":false,"1536x1536":false,"2048x2048":false},"uagb_author_info":{"display_name":"mvdpb","author_link":"http:\/\/vandiepenbeeck.info\/index.php\/author\/mvdpb\/"},"uagb_comment_info":0,"uagb_excerpt":"Services M\u00e9t\u00e9o (Source IRM) M\u00e9t\u00e9o IRM Austria &#8211; Zentralanstalt f\u00fcr Meteorologie und Geodynamik (ZAMG) Republic of Cyprus, Meteorological Service Czech Hydrometeorological Institute Denmark &#8211; Danmarks Meteorologiske Institut (DMI) Estonian Meteorological and Hydrometeorological Institute \u00a0 Finland &#8211; Ilmatieteen Laitos (FMI) France &#8211; M\u00e9t\u00e9o-France Germany &#8211; Deutscher Wetterdienst (DWD) Greece &#8211; Hellenic National Meteorological Service Hungary &#8211;\u2026","jetpack_sharing_enabled":true,"_links":{"self":[{"href":"http:\/\/vandiepenbeeck.info\/index.php\/wp-json\/wp\/v2\/pages\/8","targetHints":{"allow":["GET"]}}],"collection":[{"href":"http:\/\/vandiepenbeeck.info\/index.php\/wp-json\/wp\/v2\/pages"}],"about":[{"href":"http:\/\/vandiepenbeeck.info\/index.php\/wp-json\/wp\/v2\/types\/page"}],"author":[{"embeddable":true,"href":"http:\/\/vandiepenbeeck.info\/index.php\/wp-json\/wp\/v2\/users\/1"}],"replies":[{"embeddable":true,"href":"http:\/\/vandiepenbeeck.info\/index.php\/wp-json\/wp\/v2\/comments?post=8"}],"version-history":[{"count":11,"href":"http:\/\/vandiepenbeeck.info\/index.php\/wp-json\/wp\/v2\/pages\/8\/revisions"}],"predecessor-version":[{"id":523,"href":"http:\/\/vandiepenbeeck.info\/index.php\/wp-json\/wp\/v2\/pages\/8\/revisions\/523"}],"up":[{"embeddable":true,"href":"http:\/\/vandiepenbeeck.info\/index.php\/wp-json\/wp\/v2\/pages\/2"}],"wp:attachment":[{"href":"http:\/\/vandiepenbeeck.info\/index.php\/wp-json\/wp\/v2\/media?parent=8"}],"curies":[{"name":"wp","href":"https:\/\/api.w.org\/{rel}","templated":true}]}}