{"id":85,"date":"2015-10-20T11:25:31","date_gmt":"2015-10-20T10:25:31","guid":{"rendered":"http:\/\/vandiepenbeeck.info\/?page_id=85"},"modified":"2015-10-20T11:32:48","modified_gmt":"2015-10-20T10:32:48","slug":"tourisme-et-loisirs","status":"publish","type":"page","link":"http:\/\/vandiepenbeeck.info\/index.php\/divers\/tourisme-et-loisirs\/","title":{"rendered":"Tourisme et loisirs"},"content":{"rendered":"<div align=\"center\">\n<p>&nbsp;<\/p>\n<table border=\"2\">\n<tbody>\n<tr>\n<td><span style=\"font-size: 14pt; color: #0000ff;\"><a style=\"color: #0000ff;\" href=\"http:\/\/www.belgium-tourism.net\/\" target=\"_blank\">Ardenne Bruxelles Belgique Wallonie Tourisme<\/a><\/span><\/td>\n<td><span style=\"font-size: 14pt; color: #0000ff;\"><a style=\"color: #0000ff;\" href=\"http:\/\/www.cinenews.be\/fr\/c\" target=\"_blank\">Cinenews<\/a><\/span><\/td>\n<\/tr>\n<tr>\n<td><span style=\"font-size: 14pt; color: #0000ff;\"><a style=\"color: #0000ff;\" href=\"http:\/\/www.fleischmann.de\/\" target=\"_blank\">Fleischmann Begr\u00fcssungsseite<\/a><\/span><\/td>\n<td><span style=\"font-size: 14pt; color: #0000ff;\"><a style=\"color: #0000ff;\" href=\"http:\/\/users.skynet.be\/sky34004\/trains_X.html\" target=\"_blank\">R\u00e9pertoires des sites f\u00e9rroviaires<\/a><\/span><\/td>\n<\/tr>\n<tr>\n<td><span style=\"font-size: 14pt; color: #0000ff;\"><a style=\"color: #0000ff;\" href=\"http:\/\/gis.linkline.be\/fr\/\">LE site cin\u00e9ma Belge<\/a><\/span><\/td>\n<td><span style=\"font-size: 14pt; color: #0000ff;\"><a style=\"color: #0000ff;\" href=\"http:\/\/www.kidcomics.com\/fr\/homett.htm\" target=\"_blank\">Kid Comics &#8211; Le club des fanas de bandes dessin\u00e9es<\/a><\/span><\/td>\n<\/tr>\n<tr>\n<td><span style=\"font-size: 14pt; color: #0000ff;\"><a style=\"color: #0000ff;\" href=\"http:\/\/us.imdb.com\/\" target=\"_blank\">The Internet Movie Database. A database of more than 180,000 titles<\/a><\/span><\/td>\n<td><span style=\"font-size: 14pt; color: #0000ff;\"><a style=\"color: #0000ff;\" href=\"http:\/\/www.jeuxvideo.com\/cheats.htm\" target=\"_blank\">La r\u00e9f\u00e9rence des jeux vid\u00e9o sur PC et consoles<\/a><\/span><\/td>\n<\/tr>\n<tr>\n<td><span style=\"font-size: 14pt; color: #0000ff;\"><a style=\"color: #0000ff;\" href=\"http:\/\/insiteout.brinkster.net\/0000064cfv3v\/index.asp\" target=\"_blank\">TRAIN_CFV3V<\/a><\/span><\/td>\n<td><span style=\"font-size: 14pt; color: #0000ff;\"><a style=\"color: #0000ff;\" href=\"http:\/\/www.touring.be\/home\/default.htm\" target=\"_blank\">Touring<\/a><\/span><\/td>\n<\/tr>\n<\/tbody>\n<\/table>\n<p>&nbsp;<\/p>\n<\/div>\n<p><span style=\"font-size: 14pt; color: #0000ff;\"><a style=\"color: #0000ff;\" href=\"http:\/\/www.rocousa.com\/\" target=\"_blank\">marklin roco trix fleischmann hag noch faller vollmer brawa model trains at Micro Macro Mundo<\/a><\/span><\/p>\n<p><span style=\"font-size: 14pt; color: #0000ff;\"><a style=\"color: #0000ff;\" href=\"http:\/\/www.euro-trains.com\/\" target=\"_blank\">marklin roco fleischmann trix european model trains liliput Roco Marklin lima vollmer faller viessmann kibri brawa rivarossi micro metakit<\/a><\/span><\/p>\n","protected":false},"excerpt":{"rendered":"<p>&nbsp; Ardenne Bruxelles Belgique Wallonie Tourisme Cinenews Fleischmann Begr\u00fcssungsseite R\u00e9pertoires des sites f\u00e9rroviaires LE site cin\u00e9ma Belge Kid Comics &#8211; Le club des fanas de bandes dessin\u00e9es The Internet Movie Database. A database of more than 180,000 titles La r\u00e9f\u00e9rence des jeux vid\u00e9o sur PC et consoles TRAIN_CFV3V Touring &nbsp; marklin roco trix fleischmann hag [&hellip;]<\/p>\n","protected":false},"author":1,"featured_media":0,"parent":70,"menu_order":0,"comment_status":"closed","ping_status":"closed","template":"","meta":{"_uag_custom_page_level_css":"","footnotes":""},"class_list":["post-85","page","type-page","status-publish","hentry"],"uagb_featured_image_src":{"full":false,"thumbnail":false,"medium":false,"medium_large":false,"large":false,"1536x1536":false,"2048x2048":false},"uagb_author_info":{"display_name":"mvdpb","author_link":"http:\/\/vandiepenbeeck.info\/index.php\/author\/mvdpb\/"},"uagb_comment_info":0,"uagb_excerpt":"&nbsp; Ardenne Bruxelles Belgique Wallonie Tourisme Cinenews Fleischmann Begr\u00fcssungsseite R\u00e9pertoires des sites f\u00e9rroviaires LE site cin\u00e9ma Belge Kid Comics &#8211; Le club des fanas de bandes dessin\u00e9es The Internet Movie Database. A database of more than 180,000 titles La r\u00e9f\u00e9rence des jeux vid\u00e9o sur PC et consoles TRAIN_CFV3V Touring &nbsp; marklin roco trix fleischmann hag\u2026","jetpack_sharing_enabled":true,"_links":{"self":[{"href":"http:\/\/vandiepenbeeck.info\/index.php\/wp-json\/wp\/v2\/pages\/85","targetHints":{"allow":["GET"]}}],"collection":[{"href":"http:\/\/vandiepenbeeck.info\/index.php\/wp-json\/wp\/v2\/pages"}],"about":[{"href":"http:\/\/vandiepenbeeck.info\/index.php\/wp-json\/wp\/v2\/types\/page"}],"author":[{"embeddable":true,"href":"http:\/\/vandiepenbeeck.info\/index.php\/wp-json\/wp\/v2\/users\/1"}],"replies":[{"embeddable":true,"href":"http:\/\/vandiepenbeeck.info\/index.php\/wp-json\/wp\/v2\/comments?post=85"}],"version-history":[{"count":5,"href":"http:\/\/vandiepenbeeck.info\/index.php\/wp-json\/wp\/v2\/pages\/85\/revisions"}],"predecessor-version":[{"id":90,"href":"http:\/\/vandiepenbeeck.info\/index.php\/wp-json\/wp\/v2\/pages\/85\/revisions\/90"}],"up":[{"embeddable":true,"href":"http:\/\/vandiepenbeeck.info\/index.php\/wp-json\/wp\/v2\/pages\/70"}],"wp:attachment":[{"href":"http:\/\/vandiepenbeeck.info\/index.php\/wp-json\/wp\/v2\/media?parent=85"}],"curies":[{"name":"wp","href":"https:\/\/api.w.org\/{rel}","templated":true}]}}